{"id":3026,"date":"2014-03-22T14:06:27","date_gmt":"2014-03-22T14:06:27","guid":{"rendered":"https:\/\/w.energetskaazbuka.mk\/?page_id=3026"},"modified":"2014-05-09T13:18:42","modified_gmt":"2014-05-09T13:18:42","slug":"garimi","status":"publish","type":"page","link":"https:\/\/energetskaazbuka.mk\/sq\/garimi\/","title":{"rendered":"Garimi"},"content":{"rendered":"<h2>Udh\u00ebzime p\u00ebr p\u00ebrpunimin e Biznes ides\u00eb dhe Biznes planit dhe kriteruimet p\u00ebr vler\u00ebsim<\/h2>\n<p>&nbsp;<\/p>\n<h3>Udh\u00ebzime p\u00ebr paraqitjen\/ formatim t\u00eb Biznes planit:<\/h3>\n<p>&nbsp;<\/p>\n<p>Font \u2013 Arial 11<\/p>\n<p>Hap\u00ebsira \u2013 Single (i vet\u00ebm)<\/p>\n<p>Emri i dokumentit: mbiemri i bart\u00ebsit t\u00eb ekipit_emri i ekipit_ (latinisht)<\/p>\n<p>T\u00eb dor\u00ebzohet n\u00eb word apo pdf dokument :\u00a0https:\/\/energetskaazbuka.mk\/prikachi-biznis-plan\/<\/p>\n<p>Gjat\u00ebsia maksimale: 10 faqe pa aneks<\/p>\n<p>&nbsp;<\/p>\n<h3>Shabllon:<\/h3>\n<ul>\n<li>Mbulimi, titulli dhe emri i mbajt\u00ebsit (1 faqe)<\/li>\n<li>P\u00ebrmbledhje ekzekutive (1 faqe)<\/li>\n<li>Hyrje, t\u00eb dh\u00ebnat familjare (1\/2 faqe)<\/li>\n<li>P\u00ebrshkrimi i produktit apo sh\u00ebrbimit (1\/2 faqe)<\/li>\n<li>Modeli i biznesit, ve\u00e7antia e biznesit (2 faqe)<\/li>\n<li>Zgjedhjet teknike apo nga faqet e aplikuara t\u00eb biznesit (2 faqe)<\/li>\n<li>Pjesa financiare, p\u00ebrshkrimi i shpenzimeve, t\u00eb ardhurat dhe t\u00eb kthimit n\u00eb investime (2 faqe, llogaritjet n\u00eb aneks)<\/li>\n<\/ul>\n<p><i>\u00a0<\/i><\/p>\n<p>Afati i fundit p\u00ebr dor\u00ebzimin e biznes planit: <strong>11 maj 2014<\/strong><\/p>\n<p>Evoluim t\u00eb biznes planit: <strong>12 maj 2014 \u2013<\/strong> <strong>25 maj 2014<\/strong><\/p>\n<p>Prezantim t\u00eb biznes planit: <strong>30 maj 2014<\/strong><\/p>\n<p>&nbsp;<\/p>\n<h3>Kriteriumet p\u00ebr vler\u00ebsimin e biznes planit:<\/h3>\n<ul>\n<li>Inovacion dhe inovatim (a b\u00ebhet fjal\u00eb p\u00ebr zgjedhje t\u00eb re, ose zgjedhje q\u00eb ka qen\u00eb ndonj\u00ebher\u00eb e p\u00ebrdorur n\u00eb Maqedoni)<\/li>\n<li>Q\u00ebndrueshm\u00ebri reale e biznesit (a mundet biznesi t\u00eb realizohet n\u00eb praktik\u00eb)<\/li>\n<li>(plot\u00ebsim) Prezantim t\u00eb biznesit<\/li>\n<\/ul>\n<p>&nbsp;<\/p>\n<p>T\u00eb gjitha fletat e arritura do t\u00eb evaluohen p\u00ebrmes dy kriteriumeve t\u00eb para dhe do t\u00eb b\u00ebhet rang-list\u00eb e ekipeve. 10 ekipet e para do t\u00eb ftohen n\u00eb prezantim. Prezantimi plot\u00ebsues shtohet n\u00eb evaluimin dhe p\u00ebrmes pik\u00ebve t\u00eb sh\u00ebnuara do t\u00eb renditen 3 ekipet fituese.<\/p>\n<p>&nbsp;<\/p>\n<p>Ftes\u00eb p\u00ebr trajnimin e p\u00ebrpunimit t\u00eb biznes planit<br \/>\n<iframe loading=\"lazy\" src=\"\/\/www.youtube.com\/embed\/3CJ5nCZSH-Q\" width=\"100%\" height=\"480\" frameborder=\"0\" allowfullscreen=\"allowfullscreen\"><\/iframe><\/p>\n<p><!--<span style=\"line-height: 1.5em;\">T\u00eb nderuar!<\/span>\n\nN\u00eb cak \u00ebsht\u00eb paraqitja e pjes\u00ebmarr\u00ebsve n\u00eb garimin e biznes planit n\u00eb kuad\u00ebr t\u00eb platform\u00ebs p\u00ebr efikasitet energjetik.\n\nB\u00ebhet fjal\u00eb p\u00ebr aktivitet i cili ka p\u00ebr q\u00ebllim t\u00eb mund\u00ebsoj\u00eb nj\u00eb p\u00ebrzierje t\u00eb arsimit me praktik\u00ebn dhe p\u00ebr t\u00eb nxitur bashk\u00ebpunim me student\u00ebt nga fakulteti i ekonomis\u00eb dhe teknikes.\n\nStudent\u00ebt do t\u00eb garojn\u00eb me krijimin e biznes planit me elemente integruese t\u00eb efiksitetit energjetik. Ideja \u00ebsht\u00eb q\u00eb t\u00eb rritet vet\u00ebdija e njohjes s\u00eb efikasitetit energjetik n\u00eb pun\u00ebn e p\u00ebrditshme dhe t\u00eb krijohen shprehi dhe ky segment t\u00eb integrohet n\u00eb planifikimin strategjik.\n\nRegjistrimi do t\u00eb zgjas\u00eb nga 24.03.2014 deri m\u00eb 10.04.2014. T\u00eb drejt\u00eb p\u00ebr pjes\u00ebmarrje kan\u00eb t\u00eb gjith\u00eb student\u00ebt nga \u00e7do vit akademik nga fakultetet ekomonike dhe teknike n\u00eb t\u00eb gjith\u00eb Maqedonin\u00eb.\n\nStudent\u00ebt nga grupet e regjistruara do t\u00eb jen\u00eb pjes\u00eb e trajnimit e cila do t\u00eb mbahet n\u00eb kuad\u00ebr t\u00eb panairit p\u00ebr arsim dhe shkenc\u00eb (10-12.04.2014). Pjes\u00ebmarr\u00ebsit e trajnimit do t\u00eb marrin udh\u00ebzime p\u00ebr p\u00ebrgatitjen e projekteve edhe at\u00eb: model p\u00ebr zhvillimin e biznes planit dhe llogaritje p\u00ebr kursimin e energjis\u00eb.\n\nStudent\u00ebt do t\u00eb duhet t\u00eb paraqiten n\u00eb form\u00eb t\u00eb nj\u00eb grupi, minimum dy, makimum gjasht\u00eb (duke iu referuar nj\u00eb ekip multidisiplinar ) .\u00a0Tre biznes planet m\u00eb t\u00eb mira do t\u00eb shp\u00ebrblen me t\u00eb holla nga 30.000 , 18.000 dhe 9.000 denar\u00eb, respektivisht .\n\nNe ju ftojm\u00eb q\u00eb t\u00eb jeni pjes\u00ebmarr\u00ebs dhe ju urojm\u00eb sukses t\u00eb madh!\n\n<b><\/b>\n<iframe loading=\"lazy\" src=\"httpss:\/\/docs.google.com\/forms\/d\/1ALe0Lyfg5hageXc717CXedE8jwZ0PnSAmYRDlKuoOc0\/viewform?embedded=true\" height=\"780\" width=\"100%\" frameborder=\"0\" marginwidth=\"0\" marginheight=\"0\"><\/iframe> --><\/p>\n","protected":false},"excerpt":{"rendered":"<p>Udh\u00ebzime p\u00ebr p\u00ebrpunimin e Biznes ides\u00eb dhe Biznes planit dhe kriteruimet p\u00ebr vler\u00ebsim &nbsp; Udh\u00ebzime p\u00ebr paraqitjen\/ formatim t\u00eb Biznes planit: &nbsp; Font \u2013 Arial 11 Hap\u00ebsira \u2013 Single (i vet\u00ebm) Emri i dokumentit: mbiemri&#8230;<\/p>\n","protected":false},"author":2,"featured_media":0,"parent":0,"menu_order":0,"comment_status":"open","ping_status":"open","template":"","meta":{"footnotes":""},"class_list":["post-3026","page","type-page","status-publish","hentry"],"_links":{"self":[{"href":"https:\/\/energetskaazbuka.mk\/sq\/wp-json\/wp\/v2\/pages\/3026","targetHints":{"allow":["GET"]}}],"collection":[{"href":"https:\/\/energetskaazbuka.mk\/sq\/wp-json\/wp\/v2\/pages"}],"about":[{"href":"https:\/\/energetskaazbuka.mk\/sq\/wp-json\/wp\/v2\/types\/page"}],"author":[{"embeddable":true,"href":"https:\/\/energetskaazbuka.mk\/sq\/wp-json\/wp\/v2\/users\/2"}],"replies":[{"embeddable":true,"href":"https:\/\/energetskaazbuka.mk\/sq\/wp-json\/wp\/v2\/comments?post=3026"}],"version-history":[{"count":9,"href":"https:\/\/energetskaazbuka.mk\/sq\/wp-json\/wp\/v2\/pages\/3026\/revisions"}],"predecessor-version":[{"id":3167,"href":"https:\/\/energetskaazbuka.mk\/sq\/wp-json\/wp\/v2\/pages\/3026\/revisions\/3167"}],"wp:attachment":[{"href":"https:\/\/energetskaazbuka.mk\/sq\/wp-json\/wp\/v2\/media?parent=3026"}],"curies":[{"name":"wp","href":"https:\/\/api.w.org\/{rel}","templated":true}]}}